{"id":6166,"date":"2022-05-24T10:24:13","date_gmt":"2022-05-24T09:24:13","guid":{"rendered":"https:\/\/hormitalia.com\/?post_type=product&#038;p=6166"},"modified":"2025-12-21T02:15:24","modified_gmt":"2025-12-21T01:15:24","slug":"hexagon-pietra-leccese-sgabello-esterno","status":"publish","type":"product","link":"https:\/\/horm.it\/it\/view\/prodotti\/tavolini\/hexagon-pietra-leccese-sgabello-esterno\/","title":{"rendered":"Hexagon\n  Pietra"},"content":{"rendered":"<p>Moduli cavi realizzati in pietra leccese. <\/p>\n<div>&nbsp;<\/div>\n<p>La pietra leccese \u00e8 una roccia calcarea, idonea a sopportare condizioni climatiche severe.<\/p>\n","protected":false},"excerpt":{"rendered":"<p>Hexagon Pietra nasce dall\u2019incontro tra design contemporaneo e tradizione scultorea italiana. Realizzato in pietra leccese, un materiale calcareo tipico del Salento, \u00e8 plasmato attraverso un processo artigianale che valorizza le sue venature naturali e la sua matericit\u00e0 unica.<\/p>\n<p>Utilizzata fin dall\u2019antichit\u00e0 per palazzi, chiese e sculture, la pietra leccese \u00e8 apprezzata per la sua resistenza agli agenti atmosferici, qualit\u00e0 che rendono Hexagon ideale anche per ambienti esterni o spazi contract.<\/p>\n<p>La geometria sfaccettata dei due moduli esagonali permette composizioni infinite, trasformando ogni configurazione in un micro-paesaggio architettonico. La sua presenza, solida e scultorea, dialoga armoniosamente con la luce naturale, mutando tono e profondit\u00e0 al variare dell\u2019illuminazione.<\/p>\n<div class=\"product_meta product-icone\"><img decoding=\"async\" src=\"https:\/\/horm.it\/wp-content\/uploads\/2022\/05\/outdoor.png\" alt=\"outdoor\" width=\"80\" height=\"80\" \/><br \/>\n<img decoding=\"async\" src=\"https:\/\/horm.it\/wp-content\/uploads\/2022\/05\/rain_si.png\" alt=\"rain no\" width=\"80\" height=\"80\" \/><br \/>\n<img decoding=\"async\" src=\"https:\/\/horm.it\/wp-content\/uploads\/2022\/05\/seaside_si.png\" alt=\"seaside no\" width=\"80\" height=\"80\" \/><\/div>\n","protected":false},"featured_media":36860,"comment_status":"open","ping_status":"closed","template":"","meta":{"inline_featured_image":false},"product_brand":[],"product_cat":[660,82,67,53,54,36],"product_tag":[149],"class_list":{"0":"post-6166","1":"product","2":"type-product","3":"status-publish","4":"has-post-thumbnail","6":"product_cat-comodini","7":"product_cat-sgabelli","8":"product_cat-tavolini","9":"product_cat-living-dining","10":"product_cat-the-art-of-sleeping","11":"product_cat-prodotti","12":"product_tag-steven-holl","13":"pa_designer-steven-holl","15":"first","16":"instock","17":"shipping-taxable","18":"product-type-simple"},"yoast_head":"<!-- This site is optimized with the Yoast SEO Premium plugin v26.0 (Yoast SEO v26.0) - https:\/\/yoast.com\/wordpress\/plugins\/seo\/ -->\n<title>Hexagon  Pietra - Horm<\/title>\n<meta name=\"description\" content=\"Hexagon Pietra di Horm \u00e8 un tavolino o seduta modulare in pietra leccese, resistente alle intemperie e alle alte temperature, espressione del design Made in Italy e della tradizione scultorea salentina.\" \/>\n<meta name=\"robots\" content=\"index, follow, max-snippet:-1, max-image-preview:large, max-video-preview:-1\" \/>\n<link rel=\"canonical\" href=\"https:\/\/horm.it\/it\/view\/prodotti\/tavolini\/hexagon-pietra-leccese-sgabello-esterno\/\" \/>\n<meta property=\"og:locale\" content=\"it_IT\" \/>\n<meta property=\"og:type\" content=\"article\" \/>\n<meta property=\"og:title\" content=\"Hexagon  Pietra\" \/>\n<meta property=\"og:description\" content=\"Hexagon Pietra di Horm \u00e8 un tavolino o seduta modulare in pietra leccese, resistente alle intemperie e alle alte temperature, espressione del design Made in Italy e della tradizione scultorea salentina.\" \/>\n<meta property=\"og:url\" content=\"https:\/\/horm.it\/it\/view\/prodotti\/tavolini\/hexagon-pietra-leccese-sgabello-esterno\/\" \/>\n<meta property=\"og:site_name\" content=\"Horm\" \/>\n<meta property=\"article:publisher\" content=\"https:\/\/www.facebook.com\/hormdesign\" \/>\n<meta property=\"article:modified_time\" content=\"2025-12-21T01:15:24+00:00\" \/>\n<meta property=\"og:image\" content=\"https:\/\/horm.it\/wp-content\/uploads\/2025\/10\/foto-galleria-hexagon-pietra.jpg\" \/>\n\t<meta property=\"og:image:width\" content=\"1000\" \/>\n\t<meta property=\"og:image:height\" content=\"1000\" \/>\n\t<meta property=\"og:image:type\" content=\"image\/jpeg\" \/>\n<meta name=\"twitter:card\" content=\"summary_large_image\" \/>\n<meta name=\"twitter:label1\" content=\"Tempo di lettura stimato\" \/>\n\t<meta name=\"twitter:data1\" content=\"1 minuto\" \/>\n<script type=\"application\/ld+json\" class=\"yoast-schema-graph\">{\"@context\":\"https:\/\/schema.org\",\"@graph\":[{\"@type\":\"WebPage\",\"@id\":\"https:\/\/horm.it\/it\/view\/prodotti\/tavolini\/hexagon-pietra-leccese-sgabello-esterno\/\",\"url\":\"https:\/\/horm.it\/it\/view\/prodotti\/tavolini\/hexagon-pietra-leccese-sgabello-esterno\/\",\"name\":\"Hexagon Pietra - Horm\",\"isPartOf\":{\"@id\":\"https:\/\/horm.it\/#website\"},\"primaryImageOfPage\":{\"@id\":\"https:\/\/horm.it\/it\/view\/prodotti\/tavolini\/hexagon-pietra-leccese-sgabello-esterno\/#primaryimage\"},\"image\":{\"@id\":\"https:\/\/horm.it\/it\/view\/prodotti\/tavolini\/hexagon-pietra-leccese-sgabello-esterno\/#primaryimage\"},\"thumbnailUrl\":\"https:\/\/horm.it\/wp-content\/uploads\/2025\/10\/foto-galleria-hexagon-pietra.jpg\",\"datePublished\":\"2022-05-24T09:24:13+00:00\",\"dateModified\":\"2025-12-21T01:15:24+00:00\",\"description\":\"Hexagon Pietra di Horm \u00e8 un tavolino o seduta modulare in pietra leccese, resistente alle intemperie e alle alte temperature, espressione del design Made in Italy e della tradizione scultorea salentina.\",\"breadcrumb\":{\"@id\":\"https:\/\/horm.it\/it\/view\/prodotti\/tavolini\/hexagon-pietra-leccese-sgabello-esterno\/#breadcrumb\"},\"inLanguage\":\"it-IT\",\"potentialAction\":[{\"@type\":\"ReadAction\",\"target\":[\"https:\/\/horm.it\/it\/view\/prodotti\/tavolini\/hexagon-pietra-leccese-sgabello-esterno\/\"]}]},{\"@type\":\"ImageObject\",\"inLanguage\":\"it-IT\",\"@id\":\"https:\/\/horm.it\/it\/view\/prodotti\/tavolini\/hexagon-pietra-leccese-sgabello-esterno\/#primaryimage\",\"url\":\"https:\/\/horm.it\/wp-content\/uploads\/2025\/10\/foto-galleria-hexagon-pietra.jpg\",\"contentUrl\":\"https:\/\/horm.it\/wp-content\/uploads\/2025\/10\/foto-galleria-hexagon-pietra.jpg\",\"width\":1000,\"height\":1000},{\"@type\":\"BreadcrumbList\",\"@id\":\"https:\/\/horm.it\/it\/view\/prodotti\/tavolini\/hexagon-pietra-leccese-sgabello-esterno\/#breadcrumb\",\"itemListElement\":[{\"@type\":\"ListItem\",\"position\":1,\"name\":\"Home\",\"item\":\"https:\/\/horm.it\/it\/\"},{\"@type\":\"ListItem\",\"position\":2,\"name\":\"Prodotti\",\"item\":\"https:\/\/horm.it\/shop\/\"},{\"@type\":\"ListItem\",\"position\":3,\"name\":\"Living &amp; Dining\",\"item\":\"https:\/\/horm.it\/all\/living-dining\/\"},{\"@type\":\"ListItem\",\"position\":4,\"name\":\"Hexagon Pietra\"}]},{\"@type\":\"WebSite\",\"@id\":\"https:\/\/horm.it\/#website\",\"url\":\"https:\/\/horm.it\/\",\"name\":\"Horm\",\"description\":\"Horm \u2022 Arrediamo gli spazi del vivere e dell&#039;ospitalit\u00e0 creando emozioni\",\"publisher\":{\"@id\":\"https:\/\/horm.it\/#organization\"},\"potentialAction\":[{\"@type\":\"SearchAction\",\"target\":{\"@type\":\"EntryPoint\",\"urlTemplate\":\"https:\/\/horm.it\/?s={search_term_string}\"},\"query-input\":{\"@type\":\"PropertyValueSpecification\",\"valueRequired\":true,\"valueName\":\"search_term_string\"}}],\"inLanguage\":\"it-IT\"},{\"@type\":[\"Organization\",\"Place\"],\"@id\":\"https:\/\/horm.it\/#organization\",\"name\":\"Horm Italia\",\"alternateName\":\"Horm\",\"url\":\"https:\/\/horm.it\/\",\"logo\":{\"@id\":\"https:\/\/horm.it\/it\/view\/prodotti\/tavolini\/hexagon-pietra-leccese-sgabello-esterno\/#local-main-organization-logo\"},\"image\":{\"@id\":\"https:\/\/horm.it\/it\/view\/prodotti\/tavolini\/hexagon-pietra-leccese-sgabello-esterno\/#local-main-organization-logo\"},\"sameAs\":[\"https:\/\/www.facebook.com\/hormdesign\",\"https:\/\/it.pinterest.com\/hormdesign\/\",\"https:\/\/www.linkedin.com\/company\/horm\/\"],\"legalName\":\"Horm Italia\",\"foundingDate\":\"2026-01-01\",\"publishingPrinciples\":\"https:\/\/horm.it\/it\/privacy-policy\/\",\"correctionsPolicy\":\"https:\/\/horm.it\/it\/chi-siamo\/contattaci\/\",\"ethicsPolicy\":\"https:\/\/horm.it\/it\/cookie-policy\/\",\"telephone\":[],\"openingHoursSpecification\":[{\"@type\":\"OpeningHoursSpecification\",\"dayOfWeek\":[\"Monday\",\"Tuesday\",\"Wednesday\",\"Thursday\",\"Friday\",\"Saturday\",\"Sunday\"],\"opens\":\"09:00\",\"closes\":\"17:00\"}]},{\"@type\":\"ImageObject\",\"inLanguage\":\"it-IT\",\"@id\":\"https:\/\/horm.it\/it\/view\/prodotti\/tavolini\/hexagon-pietra-leccese-sgabello-esterno\/#local-main-organization-logo\",\"url\":\"https:\/\/horm.it\/wp-content\/uploads\/2022\/04\/logo_horm_horizontal.svg\",\"contentUrl\":\"https:\/\/horm.it\/wp-content\/uploads\/2022\/04\/logo_horm_horizontal.svg\",\"width\":1307,\"height\":238,\"caption\":\"Horm Italia\"}]}<\/script>\n<!-- \/ Yoast SEO Premium plugin. -->","yoast_head_json":{"title":"Hexagon  Pietra - Horm","description":"Hexagon Pietra di Horm \u00e8 un tavolino o seduta modulare in pietra leccese, resistente alle intemperie e alle alte temperature, espressione del design Made in Italy e della tradizione scultorea salentina.","robots":{"index":"index","follow":"follow","max-snippet":"max-snippet:-1","max-image-preview":"max-image-preview:large","max-video-preview":"max-video-preview:-1"},"canonical":"https:\/\/horm.it\/it\/view\/prodotti\/tavolini\/hexagon-pietra-leccese-sgabello-esterno\/","og_locale":"it_IT","og_type":"article","og_title":"Hexagon  Pietra","og_description":"Hexagon Pietra di Horm \u00e8 un tavolino o seduta modulare in pietra leccese, resistente alle intemperie e alle alte temperature, espressione del design Made in Italy e della tradizione scultorea salentina.","og_url":"https:\/\/horm.it\/it\/view\/prodotti\/tavolini\/hexagon-pietra-leccese-sgabello-esterno\/","og_site_name":"Horm","article_publisher":"https:\/\/www.facebook.com\/hormdesign","article_modified_time":"2025-12-21T01:15:24+00:00","og_image":[{"width":1000,"height":1000,"url":"https:\/\/horm.it\/wp-content\/uploads\/2025\/10\/foto-galleria-hexagon-pietra.jpg","type":"image\/jpeg"}],"twitter_card":"summary_large_image","twitter_misc":{"Tempo di lettura stimato":"1 minuto"},"schema":{"@context":"https:\/\/schema.org","@graph":[{"@type":"WebPage","@id":"https:\/\/horm.it\/it\/view\/prodotti\/tavolini\/hexagon-pietra-leccese-sgabello-esterno\/","url":"https:\/\/horm.it\/it\/view\/prodotti\/tavolini\/hexagon-pietra-leccese-sgabello-esterno\/","name":"Hexagon Pietra - Horm","isPartOf":{"@id":"https:\/\/horm.it\/#website"},"primaryImageOfPage":{"@id":"https:\/\/horm.it\/it\/view\/prodotti\/tavolini\/hexagon-pietra-leccese-sgabello-esterno\/#primaryimage"},"image":{"@id":"https:\/\/horm.it\/it\/view\/prodotti\/tavolini\/hexagon-pietra-leccese-sgabello-esterno\/#primaryimage"},"thumbnailUrl":"https:\/\/horm.it\/wp-content\/uploads\/2025\/10\/foto-galleria-hexagon-pietra.jpg","datePublished":"2022-05-24T09:24:13+00:00","dateModified":"2025-12-21T01:15:24+00:00","description":"Hexagon Pietra di Horm \u00e8 un tavolino o seduta modulare in pietra leccese, resistente alle intemperie e alle alte temperature, espressione del design Made in Italy e della tradizione scultorea salentina.","breadcrumb":{"@id":"https:\/\/horm.it\/it\/view\/prodotti\/tavolini\/hexagon-pietra-leccese-sgabello-esterno\/#breadcrumb"},"inLanguage":"it-IT","potentialAction":[{"@type":"ReadAction","target":["https:\/\/horm.it\/it\/view\/prodotti\/tavolini\/hexagon-pietra-leccese-sgabello-esterno\/"]}]},{"@type":"ImageObject","inLanguage":"it-IT","@id":"https:\/\/horm.it\/it\/view\/prodotti\/tavolini\/hexagon-pietra-leccese-sgabello-esterno\/#primaryimage","url":"https:\/\/horm.it\/wp-content\/uploads\/2025\/10\/foto-galleria-hexagon-pietra.jpg","contentUrl":"https:\/\/horm.it\/wp-content\/uploads\/2025\/10\/foto-galleria-hexagon-pietra.jpg","width":1000,"height":1000},{"@type":"BreadcrumbList","@id":"https:\/\/horm.it\/it\/view\/prodotti\/tavolini\/hexagon-pietra-leccese-sgabello-esterno\/#breadcrumb","itemListElement":[{"@type":"ListItem","position":1,"name":"Home","item":"https:\/\/horm.it\/it\/"},{"@type":"ListItem","position":2,"name":"Prodotti","item":"https:\/\/horm.it\/shop\/"},{"@type":"ListItem","position":3,"name":"Living &amp; Dining","item":"https:\/\/horm.it\/all\/living-dining\/"},{"@type":"ListItem","position":4,"name":"Hexagon Pietra"}]},{"@type":"WebSite","@id":"https:\/\/horm.it\/#website","url":"https:\/\/horm.it\/","name":"Horm","description":"Horm \u2022 Arrediamo gli spazi del vivere e dell&#039;ospitalit\u00e0 creando emozioni","publisher":{"@id":"https:\/\/horm.it\/#organization"},"potentialAction":[{"@type":"SearchAction","target":{"@type":"EntryPoint","urlTemplate":"https:\/\/horm.it\/?s={search_term_string}"},"query-input":{"@type":"PropertyValueSpecification","valueRequired":true,"valueName":"search_term_string"}}],"inLanguage":"it-IT"},{"@type":["Organization","Place"],"@id":"https:\/\/horm.it\/#organization","name":"Horm Italia","alternateName":"Horm","url":"https:\/\/horm.it\/","logo":{"@id":"https:\/\/horm.it\/it\/view\/prodotti\/tavolini\/hexagon-pietra-leccese-sgabello-esterno\/#local-main-organization-logo"},"image":{"@id":"https:\/\/horm.it\/it\/view\/prodotti\/tavolini\/hexagon-pietra-leccese-sgabello-esterno\/#local-main-organization-logo"},"sameAs":["https:\/\/www.facebook.com\/hormdesign","https:\/\/it.pinterest.com\/hormdesign\/","https:\/\/www.linkedin.com\/company\/horm\/"],"legalName":"Horm Italia","foundingDate":"2026-01-01","publishingPrinciples":"https:\/\/horm.it\/it\/privacy-policy\/","correctionsPolicy":"https:\/\/horm.it\/it\/chi-siamo\/contattaci\/","ethicsPolicy":"https:\/\/horm.it\/it\/cookie-policy\/","telephone":[],"openingHoursSpecification":[{"@type":"OpeningHoursSpecification","dayOfWeek":["Monday","Tuesday","Wednesday","Thursday","Friday","Saturday","Sunday"],"opens":"09:00","closes":"17:00"}]},{"@type":"ImageObject","inLanguage":"it-IT","@id":"https:\/\/horm.it\/it\/view\/prodotti\/tavolini\/hexagon-pietra-leccese-sgabello-esterno\/#local-main-organization-logo","url":"https:\/\/horm.it\/wp-content\/uploads\/2022\/04\/logo_horm_horizontal.svg","contentUrl":"https:\/\/horm.it\/wp-content\/uploads\/2022\/04\/logo_horm_horizontal.svg","width":1307,"height":238,"caption":"Horm Italia"}]}},"_links":{"self":[{"href":"https:\/\/horm.it\/it\/wp-json\/wp\/v2\/product\/6166","targetHints":{"allow":["GET"]}}],"collection":[{"href":"https:\/\/horm.it\/it\/wp-json\/wp\/v2\/product"}],"about":[{"href":"https:\/\/horm.it\/it\/wp-json\/wp\/v2\/types\/product"}],"replies":[{"embeddable":true,"href":"https:\/\/horm.it\/it\/wp-json\/wp\/v2\/comments?post=6166"}],"version-history":[{"count":17,"href":"https:\/\/horm.it\/it\/wp-json\/wp\/v2\/product\/6166\/revisions"}],"predecessor-version":[{"id":44969,"href":"https:\/\/horm.it\/it\/wp-json\/wp\/v2\/product\/6166\/revisions\/44969"}],"wp:featuredmedia":[{"embeddable":true,"href":"https:\/\/horm.it\/it\/wp-json\/wp\/v2\/media\/36860"}],"wp:attachment":[{"href":"https:\/\/horm.it\/it\/wp-json\/wp\/v2\/media?parent=6166"}],"wp:term":[{"taxonomy":"product_brand","embeddable":true,"href":"https:\/\/horm.it\/it\/wp-json\/wp\/v2\/product_brand?post=6166"},{"taxonomy":"product_cat","embeddable":true,"href":"https:\/\/horm.it\/it\/wp-json\/wp\/v2\/product_cat?post=6166"},{"taxonomy":"product_tag","embeddable":true,"href":"https:\/\/horm.it\/it\/wp-json\/wp\/v2\/product_tag?post=6166"}],"curies":[{"name":"wp","href":"https:\/\/api.w.org\/{rel}","templated":true}]}}